{"id":82,"date":"2018-01-29T00:00:00","date_gmt":"2018-01-28T23:00:00","guid":{"rendered":"https:\/\/guarda.mi.it\/index.php\/cinciallegra-parus-major\/"},"modified":"2024-06-17T17:31:04","modified_gmt":"2024-06-17T15:31:04","slug":"cinciallegra-parus-major","status":"publish","type":"page","link":"https:\/\/guarda.mi.it\/index.php\/cinciallegra-parus-major\/","title":{"rendered":"Cinciallegra (Parus major)"},"content":{"rendered":"<h2><strong><img data-recalc-dims=\"1\" decoding=\"async\" class=\"alignnone size-medium wp-image-574\" src=\"https:\/\/i0.wp.com\/guarda-mi.it\/wp-content\/uploads\/2018\/01\/CinciallegraCaseiGerolaDicembre2012GConca6378-300x200.jpg?resize=300%2C200&#038;ssl=1\" alt=\"\" width=\"300\" height=\"200\" loading=\"lazy\" \/><span style=\"color: #000000;\">Cinciallegra (Parus major)<\/span><\/strong><\/h2>\n<p><span style=\"color: #000000;\"><strong>Caratteristiche<\/strong><\/span><\/p>\n<p><span style=\"color: #000000;\"><strong>Lunghezza<\/strong> (cm): 14-14<\/span><\/p>\n<p><span style=\"color: #000000;\"><strong>Apertura alare<\/strong> (cm): 22-25<\/span><\/p>\n<p><span style=\"color: #000000;\"><strong>Peso<\/strong> (gr): 14-22<\/span><\/p>\n<p><span style=\"color: #000000;\"><strong>Specie simili<\/strong>: Cinciarella<\/span><\/p>\n<p><span style=\"color: #000000;\"><strong>Silhouette<\/strong>: Cincia<\/span><\/p>\n<p><span style=\"color: #000000;\"><strong>Taglia<\/strong> : Passero<\/span><\/p>\n<p><span style=\"color: #000000;\"><strong>Habitat<\/strong>: foreste di latifoglie, boschi, frutteti, aree verdi, zone urbane<\/span><\/p>\n<p><span style=\"color: #000000;\"><strong>Alimentazione<\/strong>: insetti, ragni, semi (soprattutto in inverno)<\/span><\/p>\n<p><span style=\"color: #000000;\"><strong>Comportamento migratorio<\/strong>: sedentaria o migratrice a corto raggio<\/span><\/p>\n<p><span style=\"color: #000000;\"><strong>A Milano<\/strong>: \u00e8 specie ben diffusa, la si pu\u00f2 trovare in tutte le aree verdi, dai cimiteri ai parchi, ai viali alberati, apparentemente incurante del disturbo acustico. Nidifica in cavit\u00e0, preferibilmente naturali, ma anche artificiali. Il suo canto \u00e8 inconfondibile e ripetitivo; nelle giornate invernali \u00e8 facile frequentare balconi e terrazze alla ricerca di cibo.<\/span><\/p>\n<audio class=\"wp-audio-shortcode\" id=\"audio-82-1\" preload=\"none\" style=\"width: 100%;\" controls=\"controls\"><source type=\"audio\/mpeg\" src=\"https:\/\/guarda.mi.it\/wp-content\/uploads\/2024\/06\/cinciallegra-No01-copia.mp3?_=1\" \/><a href=\"https:\/\/guarda.mi.it\/wp-content\/uploads\/2024\/06\/cinciallegra-No01-copia.mp3\">https:\/\/guarda.mi.it\/wp-content\/uploads\/2024\/06\/cinciallegra-No01-copia.mp3<\/a><\/audio>\n<div class=\"pvc_clear\"><\/div>\n<p id=\"pvc_stats_82\" class=\"pvc_stats all  \" data-element-id=\"82\" style=\"\"><i class=\"pvc-stats-icon medium\" aria-hidden=\"true\"><svg aria-hidden=\"true\" focusable=\"false\" data-prefix=\"far\" data-icon=\"chart-bar\" role=\"img\" xmlns=\"http:\/\/www.w3.org\/2000\/svg\" viewBox=\"0 0 512 512\" class=\"svg-inline--fa fa-chart-bar fa-w-16 fa-2x\"><path fill=\"currentColor\" d=\"M396.8 352h22.4c6.4 0 12.8-6.4 12.8-12.8V108.8c0-6.4-6.4-12.8-12.8-12.8h-22.4c-6.4 0-12.8 6.4-12.8 12.8v230.4c0 6.4 6.4 12.8 12.8 12.8zm-192 0h22.4c6.4 0 12.8-6.4 12.8-12.8V140.8c0-6.4-6.4-12.8-12.8-12.8h-22.4c-6.4 0-12.8 6.4-12.8 12.8v198.4c0 6.4 6.4 12.8 12.8 12.8zm96 0h22.4c6.4 0 12.8-6.4 12.8-12.8V204.8c0-6.4-6.4-12.8-12.8-12.8h-22.4c-6.4 0-12.8 6.4-12.8 12.8v134.4c0 6.4 6.4 12.8 12.8 12.8zM496 400H48V80c0-8.84-7.16-16-16-16H16C7.16 64 0 71.16 0 80v336c0 17.67 14.33 32 32 32h464c8.84 0 16-7.16 16-16v-16c0-8.84-7.16-16-16-16zm-387.2-48h22.4c6.4 0 12.8-6.4 12.8-12.8v-70.4c0-6.4-6.4-12.8-12.8-12.8h-22.4c-6.4 0-12.8 6.4-12.8 12.8v70.4c0 6.4 6.4 12.8 12.8 12.8z\" class=\"\"><\/path><\/svg><\/i> <img data-recalc-dims=\"1\" decoding=\"async\" width=\"16\" height=\"16\" alt=\"Loading\" src=\"https:\/\/i0.wp.com\/guarda.mi.it\/wp-content\/plugins\/page-views-count\/ajax-loader-2x.gif?resize=16%2C16&#038;ssl=1\" border=0 loading=\"lazy\" \/><\/p>\n<div class=\"pvc_clear\"><\/div>\n","protected":false},"excerpt":{"rendered":"<p>Cinciallegra (Parus major) Caratteristiche Lunghezza (cm): 14-14 Apertura alare (cm): 22-25 Peso (gr): 14-22 Specie simili: Cinciarella Silhouette: Cincia Taglia : Passero Habitat: foreste di latifoglie, boschi, frutteti, aree verdi, zone urbane Alimentazione: insetti, ragni, semi (soprattutto in inverno) Comportamento migratorio: sedentaria o migratrice a corto raggio A Milano: \u00e8 specie ben diffusa, la si [&hellip;]<\/p>\n<div class=\"pvc_clear\"><\/div>\n<p id=\"pvc_stats_82\" class=\"pvc_stats all  \" data-element-id=\"82\" style=\"\"><i class=\"pvc-stats-icon medium\" aria-hidden=\"true\"><svg aria-hidden=\"true\" focusable=\"false\" data-prefix=\"far\" data-icon=\"chart-bar\" role=\"img\" xmlns=\"http:\/\/www.w3.org\/2000\/svg\" viewBox=\"0 0 512 512\" class=\"svg-inline--fa fa-chart-bar fa-w-16 fa-2x\"><path fill=\"currentColor\" d=\"M396.8 352h22.4c6.4 0 12.8-6.4 12.8-12.8V108.8c0-6.4-6.4-12.8-12.8-12.8h-22.4c-6.4 0-12.8 6.4-12.8 12.8v230.4c0 6.4 6.4 12.8 12.8 12.8zm-192 0h22.4c6.4 0 12.8-6.4 12.8-12.8V140.8c0-6.4-6.4-12.8-12.8-12.8h-22.4c-6.4 0-12.8 6.4-12.8 12.8v198.4c0 6.4 6.4 12.8 12.8 12.8zm96 0h22.4c6.4 0 12.8-6.4 12.8-12.8V204.8c0-6.4-6.4-12.8-12.8-12.8h-22.4c-6.4 0-12.8 6.4-12.8 12.8v134.4c0 6.4 6.4 12.8 12.8 12.8zM496 400H48V80c0-8.84-7.16-16-16-16H16C7.16 64 0 71.16 0 80v336c0 17.67 14.33 32 32 32h464c8.84 0 16-7.16 16-16v-16c0-8.84-7.16-16-16-16zm-387.2-48h22.4c6.4 0 12.8-6.4 12.8-12.8v-70.4c0-6.4-6.4-12.8-12.8-12.8h-22.4c-6.4 0-12.8 6.4-12.8 12.8v70.4c0 6.4 6.4 12.8 12.8 12.8z\" class=\"\"><\/path><\/svg><\/i> <img decoding=\"async\" width=\"16\" height=\"16\" alt=\"Loading\" src=\"https:\/\/guarda.mi.it\/wp-content\/plugins\/page-views-count\/ajax-loader-2x.gif\" border=0 loading=\"lazy\" \/><\/p>\n<div class=\"pvc_clear\"><\/div>\n","protected":false},"author":1,"featured_media":84,"parent":0,"menu_order":0,"comment_status":"closed","ping_status":"open","template":"","meta":{"_editorskit_title_hidden":false,"_editorskit_reading_time":0,"_editorskit_is_block_options_detached":false,"_editorskit_block_options_position":"{}","_monsterinsights_skip_tracking":false,"_monsterinsights_sitenote_active":false,"_monsterinsights_sitenote_note":"","_monsterinsights_sitenote_category":0,"footnotes":""},"class_list":["post-82","page","type-page","status-publish","has-post-thumbnail","hentry"],"aioseo_notices":[],"yoast_head":"<!-- This site is optimized with the Yoast SEO plugin v27.4 - https:\/\/yoast.com\/product\/yoast-seo-wordpress\/ -->\n<title>Cinciallegra (Parus major) - La Citizen Science a Milano<\/title>\n<meta name=\"description\" content=\"GuardaMI progetto di Citizen Science partecipata aperta a cittadini e studenti per il monitoraggio studio e tutela della biodiversit\u00e0 animale di Milano\" \/>\n<meta name=\"robots\" content=\"index, follow, max-snippet:-1, max-image-preview:large, max-video-preview:-1\" \/>\n<link rel=\"canonical\" href=\"https:\/\/guarda.mi.it\/index.php\/cinciallegra-parus-major\/\" \/>\n<meta property=\"og:locale\" content=\"it_IT\" \/>\n<meta property=\"og:type\" content=\"article\" \/>\n<meta property=\"og:title\" content=\"Cinciallegra (Parus major) - La Citizen Science a Milano\" \/>\n<meta property=\"og:description\" content=\"GuardaMI progetto di Citizen Science partecipata aperta a cittadini e studenti per il monitoraggio studio e tutela della biodiversit\u00e0 animale di Milano\" \/>\n<meta property=\"og:url\" content=\"https:\/\/guarda.mi.it\/index.php\/cinciallegra-parus-major\/\" \/>\n<meta property=\"og:site_name\" content=\"La Citizen Science a Milano\" \/>\n<meta property=\"article:publisher\" content=\"https:\/\/www.facebook.com\/progettoguardaMI\/\" \/>\n<meta property=\"article:modified_time\" content=\"2024-06-17T15:31:04+00:00\" \/>\n<meta property=\"og:image\" content=\"https:\/\/guarda.mi.it\/wp-content\/uploads\/2024\/04\/CinciallegraCaseiGerolaDicembre2012GConca6378-scaled-1.jpg\" \/>\n\t<meta property=\"og:image:width\" content=\"2560\" \/>\n\t<meta property=\"og:image:height\" content=\"1707\" \/>\n\t<meta property=\"og:image:type\" content=\"image\/jpeg\" \/>\n<meta name=\"twitter:card\" content=\"summary_large_image\" \/>\n<meta name=\"twitter:label1\" content=\"Tempo di lettura stimato\" \/>\n\t<meta name=\"twitter:data1\" content=\"1 minuto\" \/>\n<script type=\"application\/ld+json\" class=\"yoast-schema-graph\">{\"@context\":\"https:\\\/\\\/schema.org\",\"@graph\":[{\"@type\":\"WebPage\",\"@id\":\"https:\\\/\\\/guarda.mi.it\\\/index.php\\\/cinciallegra-parus-major\\\/\",\"url\":\"https:\\\/\\\/guarda.mi.it\\\/index.php\\\/cinciallegra-parus-major\\\/\",\"name\":\"Cinciallegra (Parus major) - La Citizen Science a Milano\",\"isPartOf\":{\"@id\":\"https:\\\/\\\/guarda.mi.it\\\/#website\"},\"primaryImageOfPage\":{\"@id\":\"https:\\\/\\\/guarda.mi.it\\\/index.php\\\/cinciallegra-parus-major\\\/#primaryimage\"},\"image\":{\"@id\":\"https:\\\/\\\/guarda.mi.it\\\/index.php\\\/cinciallegra-parus-major\\\/#primaryimage\"},\"thumbnailUrl\":\"https:\\\/\\\/i0.wp.com\\\/guarda.mi.it\\\/wp-content\\\/uploads\\\/2024\\\/04\\\/CinciallegraCaseiGerolaDicembre2012GConca6378-scaled-1.jpg?fit=2560%2C1707&ssl=1\",\"datePublished\":\"2018-01-28T23:00:00+00:00\",\"dateModified\":\"2024-06-17T15:31:04+00:00\",\"description\":\"GuardaMI progetto di Citizen Science partecipata aperta a cittadini e studenti per il monitoraggio studio e tutela della biodiversit\u00e0 animale di Milano\",\"breadcrumb\":{\"@id\":\"https:\\\/\\\/guarda.mi.it\\\/index.php\\\/cinciallegra-parus-major\\\/#breadcrumb\"},\"inLanguage\":\"it-IT\",\"potentialAction\":[{\"@type\":\"ReadAction\",\"target\":[\"https:\\\/\\\/guarda.mi.it\\\/index.php\\\/cinciallegra-parus-major\\\/\"]}]},{\"@type\":\"ImageObject\",\"inLanguage\":\"it-IT\",\"@id\":\"https:\\\/\\\/guarda.mi.it\\\/index.php\\\/cinciallegra-parus-major\\\/#primaryimage\",\"url\":\"https:\\\/\\\/i0.wp.com\\\/guarda.mi.it\\\/wp-content\\\/uploads\\\/2024\\\/04\\\/CinciallegraCaseiGerolaDicembre2012GConca6378-scaled-1.jpg?fit=2560%2C1707&ssl=1\",\"contentUrl\":\"https:\\\/\\\/i0.wp.com\\\/guarda.mi.it\\\/wp-content\\\/uploads\\\/2024\\\/04\\\/CinciallegraCaseiGerolaDicembre2012GConca6378-scaled-1.jpg?fit=2560%2C1707&ssl=1\",\"width\":2560,\"height\":1707},{\"@type\":\"BreadcrumbList\",\"@id\":\"https:\\\/\\\/guarda.mi.it\\\/index.php\\\/cinciallegra-parus-major\\\/#breadcrumb\",\"itemListElement\":[{\"@type\":\"ListItem\",\"position\":1,\"name\":\"Home\",\"item\":\"https:\\\/\\\/guarda.mi.it\\\/\"},{\"@type\":\"ListItem\",\"position\":2,\"name\":\"Cinciallegra (Parus major)\"}]},{\"@type\":\"WebSite\",\"@id\":\"https:\\\/\\\/guarda.mi.it\\\/#website\",\"url\":\"https:\\\/\\\/guarda.mi.it\\\/\",\"name\":\"La Citizen Science a Milano\",\"description\":\"Studio della biodiversit\u00e0 urbana\",\"publisher\":{\"@id\":\"https:\\\/\\\/guarda.mi.it\\\/#organization\"},\"alternateName\":\"Progetto GuardaMI\",\"potentialAction\":[{\"@type\":\"SearchAction\",\"target\":{\"@type\":\"EntryPoint\",\"urlTemplate\":\"https:\\\/\\\/guarda.mi.it\\\/?s={search_term_string}\"},\"query-input\":{\"@type\":\"PropertyValueSpecification\",\"valueRequired\":true,\"valueName\":\"search_term_string\"}}],\"inLanguage\":\"it-IT\"},{\"@type\":\"Organization\",\"@id\":\"https:\\\/\\\/guarda.mi.it\\\/#organization\",\"name\":\"Associzione GuardaMI\",\"url\":\"https:\\\/\\\/guarda.mi.it\\\/\",\"logo\":{\"@type\":\"ImageObject\",\"inLanguage\":\"it-IT\",\"@id\":\"https:\\\/\\\/guarda.mi.it\\\/#\\\/schema\\\/logo\\\/image\\\/\",\"url\":\"https:\\\/\\\/i0.wp.com\\\/guarda.mi.it\\\/wp-content\\\/uploads\\\/2024\\\/07\\\/IMG_7080_11zon.jpg-copia.jpg.webp?fit=298%2C300&ssl=1\",\"contentUrl\":\"https:\\\/\\\/i0.wp.com\\\/guarda.mi.it\\\/wp-content\\\/uploads\\\/2024\\\/07\\\/IMG_7080_11zon.jpg-copia.jpg.webp?fit=298%2C300&ssl=1\",\"width\":298,\"height\":300,\"caption\":\"Associzione GuardaMI\"},\"image\":{\"@id\":\"https:\\\/\\\/guarda.mi.it\\\/#\\\/schema\\\/logo\\\/image\\\/\"},\"sameAs\":[\"https:\\\/\\\/www.facebook.com\\\/progettoguardaMI\\\/\",\"https:\\\/\\\/www.instagram.com\\\/guarda.mi_official\\\/\"]}]}<\/script>\n<!-- \/ Yoast SEO plugin. -->","yoast_head_json":{"title":"Cinciallegra (Parus major) - La Citizen Science a Milano","description":"GuardaMI progetto di Citizen Science partecipata aperta a cittadini e studenti per il monitoraggio studio e tutela della biodiversit\u00e0 animale di Milano","robots":{"index":"index","follow":"follow","max-snippet":"max-snippet:-1","max-image-preview":"max-image-preview:large","max-video-preview":"max-video-preview:-1"},"canonical":"https:\/\/guarda.mi.it\/index.php\/cinciallegra-parus-major\/","og_locale":"it_IT","og_type":"article","og_title":"Cinciallegra (Parus major) - La Citizen Science a Milano","og_description":"GuardaMI progetto di Citizen Science partecipata aperta a cittadini e studenti per il monitoraggio studio e tutela della biodiversit\u00e0 animale di Milano","og_url":"https:\/\/guarda.mi.it\/index.php\/cinciallegra-parus-major\/","og_site_name":"La Citizen Science a Milano","article_publisher":"https:\/\/www.facebook.com\/progettoguardaMI\/","article_modified_time":"2024-06-17T15:31:04+00:00","og_image":[{"width":2560,"height":1707,"url":"https:\/\/guarda.mi.it\/wp-content\/uploads\/2024\/04\/CinciallegraCaseiGerolaDicembre2012GConca6378-scaled-1.jpg","type":"image\/jpeg"}],"twitter_card":"summary_large_image","twitter_misc":{"Tempo di lettura stimato":"1 minuto"},"schema":{"@context":"https:\/\/schema.org","@graph":[{"@type":"WebPage","@id":"https:\/\/guarda.mi.it\/index.php\/cinciallegra-parus-major\/","url":"https:\/\/guarda.mi.it\/index.php\/cinciallegra-parus-major\/","name":"Cinciallegra (Parus major) - La Citizen Science a Milano","isPartOf":{"@id":"https:\/\/guarda.mi.it\/#website"},"primaryImageOfPage":{"@id":"https:\/\/guarda.mi.it\/index.php\/cinciallegra-parus-major\/#primaryimage"},"image":{"@id":"https:\/\/guarda.mi.it\/index.php\/cinciallegra-parus-major\/#primaryimage"},"thumbnailUrl":"https:\/\/i0.wp.com\/guarda.mi.it\/wp-content\/uploads\/2024\/04\/CinciallegraCaseiGerolaDicembre2012GConca6378-scaled-1.jpg?fit=2560%2C1707&ssl=1","datePublished":"2018-01-28T23:00:00+00:00","dateModified":"2024-06-17T15:31:04+00:00","description":"GuardaMI progetto di Citizen Science partecipata aperta a cittadini e studenti per il monitoraggio studio e tutela della biodiversit\u00e0 animale di Milano","breadcrumb":{"@id":"https:\/\/guarda.mi.it\/index.php\/cinciallegra-parus-major\/#breadcrumb"},"inLanguage":"it-IT","potentialAction":[{"@type":"ReadAction","target":["https:\/\/guarda.mi.it\/index.php\/cinciallegra-parus-major\/"]}]},{"@type":"ImageObject","inLanguage":"it-IT","@id":"https:\/\/guarda.mi.it\/index.php\/cinciallegra-parus-major\/#primaryimage","url":"https:\/\/i0.wp.com\/guarda.mi.it\/wp-content\/uploads\/2024\/04\/CinciallegraCaseiGerolaDicembre2012GConca6378-scaled-1.jpg?fit=2560%2C1707&ssl=1","contentUrl":"https:\/\/i0.wp.com\/guarda.mi.it\/wp-content\/uploads\/2024\/04\/CinciallegraCaseiGerolaDicembre2012GConca6378-scaled-1.jpg?fit=2560%2C1707&ssl=1","width":2560,"height":1707},{"@type":"BreadcrumbList","@id":"https:\/\/guarda.mi.it\/index.php\/cinciallegra-parus-major\/#breadcrumb","itemListElement":[{"@type":"ListItem","position":1,"name":"Home","item":"https:\/\/guarda.mi.it\/"},{"@type":"ListItem","position":2,"name":"Cinciallegra (Parus major)"}]},{"@type":"WebSite","@id":"https:\/\/guarda.mi.it\/#website","url":"https:\/\/guarda.mi.it\/","name":"La Citizen Science a Milano","description":"Studio della biodiversit\u00e0 urbana","publisher":{"@id":"https:\/\/guarda.mi.it\/#organization"},"alternateName":"Progetto GuardaMI","potentialAction":[{"@type":"SearchAction","target":{"@type":"EntryPoint","urlTemplate":"https:\/\/guarda.mi.it\/?s={search_term_string}"},"query-input":{"@type":"PropertyValueSpecification","valueRequired":true,"valueName":"search_term_string"}}],"inLanguage":"it-IT"},{"@type":"Organization","@id":"https:\/\/guarda.mi.it\/#organization","name":"Associzione GuardaMI","url":"https:\/\/guarda.mi.it\/","logo":{"@type":"ImageObject","inLanguage":"it-IT","@id":"https:\/\/guarda.mi.it\/#\/schema\/logo\/image\/","url":"https:\/\/i0.wp.com\/guarda.mi.it\/wp-content\/uploads\/2024\/07\/IMG_7080_11zon.jpg-copia.jpg.webp?fit=298%2C300&ssl=1","contentUrl":"https:\/\/i0.wp.com\/guarda.mi.it\/wp-content\/uploads\/2024\/07\/IMG_7080_11zon.jpg-copia.jpg.webp?fit=298%2C300&ssl=1","width":298,"height":300,"caption":"Associzione GuardaMI"},"image":{"@id":"https:\/\/guarda.mi.it\/#\/schema\/logo\/image\/"},"sameAs":["https:\/\/www.facebook.com\/progettoguardaMI\/","https:\/\/www.instagram.com\/guarda.mi_official\/"]}]}},"_links":{"self":[{"href":"https:\/\/guarda.mi.it\/index.php\/wp-json\/wp\/v2\/pages\/82","targetHints":{"allow":["GET"]}}],"collection":[{"href":"https:\/\/guarda.mi.it\/index.php\/wp-json\/wp\/v2\/pages"}],"about":[{"href":"https:\/\/guarda.mi.it\/index.php\/wp-json\/wp\/v2\/types\/page"}],"author":[{"embeddable":true,"href":"https:\/\/guarda.mi.it\/index.php\/wp-json\/wp\/v2\/users\/1"}],"replies":[{"embeddable":true,"href":"https:\/\/guarda.mi.it\/index.php\/wp-json\/wp\/v2\/comments?post=82"}],"version-history":[{"count":4,"href":"https:\/\/guarda.mi.it\/index.php\/wp-json\/wp\/v2\/pages\/82\/revisions"}],"predecessor-version":[{"id":961,"href":"https:\/\/guarda.mi.it\/index.php\/wp-json\/wp\/v2\/pages\/82\/revisions\/961"}],"wp:featuredmedia":[{"embeddable":true,"href":"https:\/\/guarda.mi.it\/index.php\/wp-json\/wp\/v2\/media\/84"}],"wp:attachment":[{"href":"https:\/\/guarda.mi.it\/index.php\/wp-json\/wp\/v2\/media?parent=82"}],"curies":[{"name":"wp","href":"https:\/\/api.w.org\/{rel}","templated":true}]}}