{"id":616,"date":"2024-05-17T13:50:12","date_gmt":"2024-05-17T11:50:12","guid":{"rendered":"https:\/\/guarda.mi.it\/?page_id=616"},"modified":"2025-09-22T20:55:32","modified_gmt":"2025-09-22T18:55:32","slug":"la-webapp-guardami","status":"publish","type":"page","link":"https:\/\/guarda.mi.it\/index.php\/la-webapp-guardami\/","title":{"rendered":"La WebAPP GuardaMI"},"content":{"rendered":"\n<h3 class=\"wp-block-heading has-text-align-center\"><mark style=\"background-color:rgba(0, 0, 0, 0)\" class=\"has-inline-color has-foreground-color\"><strong>La WebAPP GuardaMI<\/strong><\/mark><\/h3>\n\n\n\n<div class=\"wp-block-columns alignfull is-layout-flex wp-container-core-columns-is-layout-28f84493 wp-block-columns-is-layout-flex\">\n<div class=\"wp-block-column is-layout-flow wp-block-column-is-layout-flow\" style=\"flex-basis:100%\">\n<p class=\"has-text-align-center\"><mark style=\"background-color:rgba(0, 0, 0, 0)\" class=\"has-inline-color has-foreground-color\">Nella primavera 2023 abbiamo <strong>creato e &#8220;cucito su misura&#8221; la Web App GuardaMI per guidare gli studenti e i cittadini alla scoperta della biodiversit\u00e0 urbana<\/strong>.<\/mark><\/p>\n\n\n\n<p class=\"has-text-align-center\"><mark style=\"background-color:rgba(0, 0, 0, 0)\" class=\"has-inline-color has-foreground-color\">Facile, intuitiva, veloce, consente di registrare e geolocalizzare gli animali che si incontrano in citt\u00e0. Il cittadino scatta una foto al soggetto e, se non lo conosce, attraverso una guida basata sui colori, pu\u00f2 identificarlo e inviare la segnalazione che verr\u00e0 validata ed entrer\u00e0 nel nostro database urbano.<\/mark><\/p>\n\n\n\n<p class=\"has-text-align-center\"><strong><mark style=\"background-color:rgba(0, 0, 0, 0)\" class=\"has-inline-color has-foreground-color\">Il punto di forza \u00e8 l&#8217;aspetto educativo perch\u00e9 favorisce l&#8217;osservazione e l&#8217;apprendimento attivo: il <em>citizen scientist<\/em> avr\u00e0 un feedback del suo contributo dopo la validazione di un esperto.<\/mark><\/strong><\/p>\n\n\n\n<p class=\"has-text-align-center\"><mark style=\"background-color:rgba(0, 0, 0, 0)\" class=\"has-inline-color has-foreground-color\">Una e-mail confermer\u00e0 la correttezza dell&#8217;osservazione o, in caso di errore, verranno date le informazioni per una corretta identificazione. L&#8217;applicazione, in continua evoluzione, offre una guida alla biodiversit\u00e0 urbana e alle specie esotiche che hanno colonizzato l&#8217;habitat cittadino; inoltre, una sezione <strong>SOS Fauna<\/strong> indica i centri di assistenza presenti sul territorio al fine di assicurare il recupero rapido di un animale ferito o in difficolt\u00e0.<\/mark><\/p>\n\n\n\n<p class=\"has-text-align-center\"><mark style=\"background-color:rgba(0, 0, 0, 0)\" class=\"has-inline-color has-foreground-color\"><strong>Questo strumento \u00e8 propedeutico alla formazione di nuovi rilevatori che, adeguatamente guidati, saranno in grado di utilizzare piattaforme pi\u00f9 tecniche, come la piattaforma Web Ornitho, www.ornitho.it<\/strong> utilizzata per la maggior parte dei monitoraggi a scopo scientifico.<\/mark><\/p>\n\n\n\n<p class=\"has-text-align-center\"><mark style=\"background-color:rgba(0, 0, 0, 0)\" class=\"has-inline-color has-background-color\">&#8230;&#8230;&#8230;&#8230;<\/mark><\/p>\n\n\n\n<figure class=\"wp-block-image aligncenter size-full is-resized\"><img data-recalc-dims=\"1\" decoding=\"async\" src=\"https:\/\/i0.wp.com\/guardami.unimi.it\/wp-content\/uploads\/2024\/05\/image-1.jpeg?ssl=1\" alt=\"Questa immagine ha l'attributo alt vuoto; il nome del file \u00e8 PISA-DEFINITIVO_11zon-1024x576.jpg\" class=\"wp-image-2458\" style=\"width:1095px;height:auto\" loading=\"lazy\" \/><\/figure>\n\n\n\n<figure class=\"wp-block-image aligncenter size-large is-resized is-style-editorskit-rounded\"><img data-recalc-dims=\"1\" decoding=\"async\" width=\"768\" height=\"1024\" src=\"https:\/\/i0.wp.com\/guarda.mi.it\/wp-content\/uploads\/2024\/06\/a8427934-2d3b-4965-9d0e-a2cfb03620c0-2.jpg?resize=768%2C1024&#038;ssl=1\" alt=\"\" class=\"wp-image-1353\" style=\"width:809px;height:auto\" srcset=\"https:\/\/i0.wp.com\/guarda.mi.it\/wp-content\/uploads\/2024\/06\/a8427934-2d3b-4965-9d0e-a2cfb03620c0-2.jpg?resize=768%2C1024&amp;ssl=1 768w, https:\/\/i0.wp.com\/guarda.mi.it\/wp-content\/uploads\/2024\/06\/a8427934-2d3b-4965-9d0e-a2cfb03620c0-2.jpg?resize=225%2C300&amp;ssl=1 225w, https:\/\/i0.wp.com\/guarda.mi.it\/wp-content\/uploads\/2024\/06\/a8427934-2d3b-4965-9d0e-a2cfb03620c0-2.jpg?resize=1152%2C1536&amp;ssl=1 1152w, https:\/\/i0.wp.com\/guarda.mi.it\/wp-content\/uploads\/2024\/06\/a8427934-2d3b-4965-9d0e-a2cfb03620c0-2.jpg?w=1200&amp;ssl=1 1200w\" sizes=\"(max-width: 768px) 100vw, 768px\" loading=\"lazy\" \/><\/figure>\n\n\n\n<p><mark style=\"background-color:rgba(0, 0, 0, 0)\" class=\"has-inline-color has-background-color\">&#8230;&#8230;..<\/mark><\/p>\n<\/div>\n<\/div>\n<div class=\"pvc_clear\"><\/div><p id=\"pvc_stats_616\" class=\"pvc_stats all  \" data-element-id=\"616\" style=\"\"><i class=\"pvc-stats-icon medium\" aria-hidden=\"true\"><svg aria-hidden=\"true\" focusable=\"false\" data-prefix=\"far\" data-icon=\"chart-bar\" role=\"img\" xmlns=\"http:\/\/www.w3.org\/2000\/svg\" viewBox=\"0 0 512 512\" class=\"svg-inline--fa fa-chart-bar fa-w-16 fa-2x\"><path fill=\"currentColor\" d=\"M396.8 352h22.4c6.4 0 12.8-6.4 12.8-12.8V108.8c0-6.4-6.4-12.8-12.8-12.8h-22.4c-6.4 0-12.8 6.4-12.8 12.8v230.4c0 6.4 6.4 12.8 12.8 12.8zm-192 0h22.4c6.4 0 12.8-6.4 12.8-12.8V140.8c0-6.4-6.4-12.8-12.8-12.8h-22.4c-6.4 0-12.8 6.4-12.8 12.8v198.4c0 6.4 6.4 12.8 12.8 12.8zm96 0h22.4c6.4 0 12.8-6.4 12.8-12.8V204.8c0-6.4-6.4-12.8-12.8-12.8h-22.4c-6.4 0-12.8 6.4-12.8 12.8v134.4c0 6.4 6.4 12.8 12.8 12.8zM496 400H48V80c0-8.84-7.16-16-16-16H16C7.16 64 0 71.16 0 80v336c0 17.67 14.33 32 32 32h464c8.84 0 16-7.16 16-16v-16c0-8.84-7.16-16-16-16zm-387.2-48h22.4c6.4 0 12.8-6.4 12.8-12.8v-70.4c0-6.4-6.4-12.8-12.8-12.8h-22.4c-6.4 0-12.8 6.4-12.8 12.8v70.4c0 6.4 6.4 12.8 12.8 12.8z\" class=\"\"><\/path><\/svg><\/i> <img data-recalc-dims=\"1\" decoding=\"async\" width=\"16\" height=\"16\" alt=\"Loading\" src=\"https:\/\/i0.wp.com\/guarda.mi.it\/wp-content\/plugins\/page-views-count\/ajax-loader-2x.gif?resize=16%2C16&#038;ssl=1\" border=0 loading=\"lazy\" \/><\/p><div class=\"pvc_clear\"><\/div>","protected":false},"excerpt":{"rendered":"<p>La WebAPP GuardaMI Nella primavera 2023 abbiamo creato e &#8220;cucito su misura&#8221; la Web App GuardaMI per guidare gli studenti e i cittadini alla scoperta della biodiversit\u00e0 urbana. Facile, intuitiva, veloce, consente di registrare e geolocalizzare gli animali che si incontrano in citt\u00e0. Il cittadino scatta una foto al soggetto e, se non lo conosce, [&hellip;]<\/p>\n<div class=\"pvc_clear\"><\/div>\n<p id=\"pvc_stats_616\" class=\"pvc_stats all  \" data-element-id=\"616\" style=\"\"><i class=\"pvc-stats-icon medium\" aria-hidden=\"true\"><svg aria-hidden=\"true\" focusable=\"false\" data-prefix=\"far\" data-icon=\"chart-bar\" role=\"img\" xmlns=\"http:\/\/www.w3.org\/2000\/svg\" viewBox=\"0 0 512 512\" class=\"svg-inline--fa fa-chart-bar fa-w-16 fa-2x\"><path fill=\"currentColor\" d=\"M396.8 352h22.4c6.4 0 12.8-6.4 12.8-12.8V108.8c0-6.4-6.4-12.8-12.8-12.8h-22.4c-6.4 0-12.8 6.4-12.8 12.8v230.4c0 6.4 6.4 12.8 12.8 12.8zm-192 0h22.4c6.4 0 12.8-6.4 12.8-12.8V140.8c0-6.4-6.4-12.8-12.8-12.8h-22.4c-6.4 0-12.8 6.4-12.8 12.8v198.4c0 6.4 6.4 12.8 12.8 12.8zm96 0h22.4c6.4 0 12.8-6.4 12.8-12.8V204.8c0-6.4-6.4-12.8-12.8-12.8h-22.4c-6.4 0-12.8 6.4-12.8 12.8v134.4c0 6.4 6.4 12.8 12.8 12.8zM496 400H48V80c0-8.84-7.16-16-16-16H16C7.16 64 0 71.16 0 80v336c0 17.67 14.33 32 32 32h464c8.84 0 16-7.16 16-16v-16c0-8.84-7.16-16-16-16zm-387.2-48h22.4c6.4 0 12.8-6.4 12.8-12.8v-70.4c0-6.4-6.4-12.8-12.8-12.8h-22.4c-6.4 0-12.8 6.4-12.8 12.8v70.4c0 6.4 6.4 12.8 12.8 12.8z\" class=\"\"><\/path><\/svg><\/i> <img decoding=\"async\" width=\"16\" height=\"16\" alt=\"Loading\" src=\"https:\/\/guarda.mi.it\/wp-content\/plugins\/page-views-count\/ajax-loader-2x.gif\" border=0 loading=\"lazy\" \/><\/p>\n<div class=\"pvc_clear\"><\/div>\n","protected":false},"author":2,"featured_media":0,"parent":0,"menu_order":0,"comment_status":"closed","ping_status":"closed","template":"","meta":{"_editorskit_title_hidden":false,"_editorskit_reading_time":0,"_editorskit_is_block_options_detached":false,"_editorskit_block_options_position":"{}","_monsterinsights_skip_tracking":false,"_monsterinsights_sitenote_active":false,"_monsterinsights_sitenote_note":"","_monsterinsights_sitenote_category":0,"footnotes":""},"class_list":["post-616","page","type-page","status-publish","hentry"],"aioseo_notices":[],"yoast_head":"<!-- This site is optimized with the Yoast SEO plugin v27.3 - https:\/\/yoast.com\/product\/yoast-seo-wordpress\/ -->\n<title>La WebAPP GuardaMI - La Citizen Science a Milano<\/title>\n<meta name=\"description\" content=\"GuardaMI progetto di Citizen Science partecipata aperta a cittadini e studenti per il monitoraggio studio e tutela della biodiversit\u00e0 animale di Milano\" \/>\n<meta name=\"robots\" content=\"index, follow, max-snippet:-1, max-image-preview:large, max-video-preview:-1\" \/>\n<link rel=\"canonical\" href=\"https:\/\/guarda.mi.it\/index.php\/la-webapp-guardami\/\" \/>\n<meta property=\"og:locale\" content=\"it_IT\" \/>\n<meta property=\"og:type\" content=\"article\" \/>\n<meta property=\"og:title\" content=\"La WebAPP GuardaMI - La Citizen Science a Milano\" \/>\n<meta property=\"og:description\" content=\"GuardaMI progetto di Citizen Science partecipata aperta a cittadini e studenti per il monitoraggio studio e tutela della biodiversit\u00e0 animale di Milano\" \/>\n<meta property=\"og:url\" content=\"https:\/\/guarda.mi.it\/index.php\/la-webapp-guardami\/\" \/>\n<meta property=\"og:site_name\" content=\"La Citizen Science a Milano\" \/>\n<meta property=\"article:publisher\" content=\"https:\/\/www.facebook.com\/progettoguardaMI\/\" \/>\n<meta property=\"article:modified_time\" content=\"2025-09-22T18:55:32+00:00\" \/>\n<meta property=\"og:image\" content=\"https:\/\/guardami.unimi.it\/wp-content\/uploads\/2024\/05\/image-1.jpeg\" \/>\n<meta name=\"twitter:card\" content=\"summary_large_image\" \/>\n<meta name=\"twitter:label1\" content=\"Tempo di lettura stimato\" \/>\n\t<meta name=\"twitter:data1\" content=\"2 minuti\" \/>\n<script type=\"application\/ld+json\" class=\"yoast-schema-graph\">{\"@context\":\"https:\\\/\\\/schema.org\",\"@graph\":[{\"@type\":\"WebPage\",\"@id\":\"https:\\\/\\\/guarda.mi.it\\\/index.php\\\/la-webapp-guardami\\\/\",\"url\":\"https:\\\/\\\/guarda.mi.it\\\/index.php\\\/la-webapp-guardami\\\/\",\"name\":\"La WebAPP GuardaMI - La Citizen Science a Milano\",\"isPartOf\":{\"@id\":\"https:\\\/\\\/guarda.mi.it\\\/#website\"},\"primaryImageOfPage\":{\"@id\":\"https:\\\/\\\/guarda.mi.it\\\/index.php\\\/la-webapp-guardami\\\/#primaryimage\"},\"image\":{\"@id\":\"https:\\\/\\\/guarda.mi.it\\\/index.php\\\/la-webapp-guardami\\\/#primaryimage\"},\"thumbnailUrl\":\"https:\\\/\\\/guardami.unimi.it\\\/wp-content\\\/uploads\\\/2024\\\/05\\\/image-1.jpeg\",\"datePublished\":\"2024-05-17T11:50:12+00:00\",\"dateModified\":\"2025-09-22T18:55:32+00:00\",\"description\":\"GuardaMI progetto di Citizen Science partecipata aperta a cittadini e studenti per il monitoraggio studio e tutela della biodiversit\u00e0 animale di Milano\",\"breadcrumb\":{\"@id\":\"https:\\\/\\\/guarda.mi.it\\\/index.php\\\/la-webapp-guardami\\\/#breadcrumb\"},\"inLanguage\":\"it-IT\",\"potentialAction\":[{\"@type\":\"ReadAction\",\"target\":[\"https:\\\/\\\/guarda.mi.it\\\/index.php\\\/la-webapp-guardami\\\/\"]}]},{\"@type\":\"ImageObject\",\"inLanguage\":\"it-IT\",\"@id\":\"https:\\\/\\\/guarda.mi.it\\\/index.php\\\/la-webapp-guardami\\\/#primaryimage\",\"url\":\"https:\\\/\\\/guardami.unimi.it\\\/wp-content\\\/uploads\\\/2024\\\/05\\\/image-1.jpeg\",\"contentUrl\":\"https:\\\/\\\/guardami.unimi.it\\\/wp-content\\\/uploads\\\/2024\\\/05\\\/image-1.jpeg\"},{\"@type\":\"BreadcrumbList\",\"@id\":\"https:\\\/\\\/guarda.mi.it\\\/index.php\\\/la-webapp-guardami\\\/#breadcrumb\",\"itemListElement\":[{\"@type\":\"ListItem\",\"position\":1,\"name\":\"Home\",\"item\":\"https:\\\/\\\/guarda.mi.it\\\/\"},{\"@type\":\"ListItem\",\"position\":2,\"name\":\"La WebAPP GuardaMI\"}]},{\"@type\":\"WebSite\",\"@id\":\"https:\\\/\\\/guarda.mi.it\\\/#website\",\"url\":\"https:\\\/\\\/guarda.mi.it\\\/\",\"name\":\"La Citizen Science a Milano\",\"description\":\"Studio della biodiversit\u00e0 urbana\",\"publisher\":{\"@id\":\"https:\\\/\\\/guarda.mi.it\\\/#organization\"},\"alternateName\":\"Progetto GuardaMI\",\"potentialAction\":[{\"@type\":\"SearchAction\",\"target\":{\"@type\":\"EntryPoint\",\"urlTemplate\":\"https:\\\/\\\/guarda.mi.it\\\/?s={search_term_string}\"},\"query-input\":{\"@type\":\"PropertyValueSpecification\",\"valueRequired\":true,\"valueName\":\"search_term_string\"}}],\"inLanguage\":\"it-IT\"},{\"@type\":\"Organization\",\"@id\":\"https:\\\/\\\/guarda.mi.it\\\/#organization\",\"name\":\"Associzione GuardaMI\",\"url\":\"https:\\\/\\\/guarda.mi.it\\\/\",\"logo\":{\"@type\":\"ImageObject\",\"inLanguage\":\"it-IT\",\"@id\":\"https:\\\/\\\/guarda.mi.it\\\/#\\\/schema\\\/logo\\\/image\\\/\",\"url\":\"https:\\\/\\\/i0.wp.com\\\/guarda.mi.it\\\/wp-content\\\/uploads\\\/2024\\\/07\\\/IMG_7080_11zon.jpg-copia.jpg.webp?fit=298%2C300&ssl=1\",\"contentUrl\":\"https:\\\/\\\/i0.wp.com\\\/guarda.mi.it\\\/wp-content\\\/uploads\\\/2024\\\/07\\\/IMG_7080_11zon.jpg-copia.jpg.webp?fit=298%2C300&ssl=1\",\"width\":298,\"height\":300,\"caption\":\"Associzione GuardaMI\"},\"image\":{\"@id\":\"https:\\\/\\\/guarda.mi.it\\\/#\\\/schema\\\/logo\\\/image\\\/\"},\"sameAs\":[\"https:\\\/\\\/www.facebook.com\\\/progettoguardaMI\\\/\",\"https:\\\/\\\/www.instagram.com\\\/guarda.mi_official\\\/\"]}]}<\/script>\n<!-- \/ Yoast SEO plugin. -->","yoast_head_json":{"title":"La WebAPP GuardaMI - La Citizen Science a Milano","description":"GuardaMI progetto di Citizen Science partecipata aperta a cittadini e studenti per il monitoraggio studio e tutela della biodiversit\u00e0 animale di Milano","robots":{"index":"index","follow":"follow","max-snippet":"max-snippet:-1","max-image-preview":"max-image-preview:large","max-video-preview":"max-video-preview:-1"},"canonical":"https:\/\/guarda.mi.it\/index.php\/la-webapp-guardami\/","og_locale":"it_IT","og_type":"article","og_title":"La WebAPP GuardaMI - La Citizen Science a Milano","og_description":"GuardaMI progetto di Citizen Science partecipata aperta a cittadini e studenti per il monitoraggio studio e tutela della biodiversit\u00e0 animale di Milano","og_url":"https:\/\/guarda.mi.it\/index.php\/la-webapp-guardami\/","og_site_name":"La Citizen Science a Milano","article_publisher":"https:\/\/www.facebook.com\/progettoguardaMI\/","article_modified_time":"2025-09-22T18:55:32+00:00","og_image":[{"url":"https:\/\/guardami.unimi.it\/wp-content\/uploads\/2024\/05\/image-1.jpeg","type":"","width":"","height":""}],"twitter_card":"summary_large_image","twitter_misc":{"Tempo di lettura stimato":"2 minuti"},"schema":{"@context":"https:\/\/schema.org","@graph":[{"@type":"WebPage","@id":"https:\/\/guarda.mi.it\/index.php\/la-webapp-guardami\/","url":"https:\/\/guarda.mi.it\/index.php\/la-webapp-guardami\/","name":"La WebAPP GuardaMI - La Citizen Science a Milano","isPartOf":{"@id":"https:\/\/guarda.mi.it\/#website"},"primaryImageOfPage":{"@id":"https:\/\/guarda.mi.it\/index.php\/la-webapp-guardami\/#primaryimage"},"image":{"@id":"https:\/\/guarda.mi.it\/index.php\/la-webapp-guardami\/#primaryimage"},"thumbnailUrl":"https:\/\/guardami.unimi.it\/wp-content\/uploads\/2024\/05\/image-1.jpeg","datePublished":"2024-05-17T11:50:12+00:00","dateModified":"2025-09-22T18:55:32+00:00","description":"GuardaMI progetto di Citizen Science partecipata aperta a cittadini e studenti per il monitoraggio studio e tutela della biodiversit\u00e0 animale di Milano","breadcrumb":{"@id":"https:\/\/guarda.mi.it\/index.php\/la-webapp-guardami\/#breadcrumb"},"inLanguage":"it-IT","potentialAction":[{"@type":"ReadAction","target":["https:\/\/guarda.mi.it\/index.php\/la-webapp-guardami\/"]}]},{"@type":"ImageObject","inLanguage":"it-IT","@id":"https:\/\/guarda.mi.it\/index.php\/la-webapp-guardami\/#primaryimage","url":"https:\/\/guardami.unimi.it\/wp-content\/uploads\/2024\/05\/image-1.jpeg","contentUrl":"https:\/\/guardami.unimi.it\/wp-content\/uploads\/2024\/05\/image-1.jpeg"},{"@type":"BreadcrumbList","@id":"https:\/\/guarda.mi.it\/index.php\/la-webapp-guardami\/#breadcrumb","itemListElement":[{"@type":"ListItem","position":1,"name":"Home","item":"https:\/\/guarda.mi.it\/"},{"@type":"ListItem","position":2,"name":"La WebAPP GuardaMI"}]},{"@type":"WebSite","@id":"https:\/\/guarda.mi.it\/#website","url":"https:\/\/guarda.mi.it\/","name":"La Citizen Science a Milano","description":"Studio della biodiversit\u00e0 urbana","publisher":{"@id":"https:\/\/guarda.mi.it\/#organization"},"alternateName":"Progetto GuardaMI","potentialAction":[{"@type":"SearchAction","target":{"@type":"EntryPoint","urlTemplate":"https:\/\/guarda.mi.it\/?s={search_term_string}"},"query-input":{"@type":"PropertyValueSpecification","valueRequired":true,"valueName":"search_term_string"}}],"inLanguage":"it-IT"},{"@type":"Organization","@id":"https:\/\/guarda.mi.it\/#organization","name":"Associzione GuardaMI","url":"https:\/\/guarda.mi.it\/","logo":{"@type":"ImageObject","inLanguage":"it-IT","@id":"https:\/\/guarda.mi.it\/#\/schema\/logo\/image\/","url":"https:\/\/i0.wp.com\/guarda.mi.it\/wp-content\/uploads\/2024\/07\/IMG_7080_11zon.jpg-copia.jpg.webp?fit=298%2C300&ssl=1","contentUrl":"https:\/\/i0.wp.com\/guarda.mi.it\/wp-content\/uploads\/2024\/07\/IMG_7080_11zon.jpg-copia.jpg.webp?fit=298%2C300&ssl=1","width":298,"height":300,"caption":"Associzione GuardaMI"},"image":{"@id":"https:\/\/guarda.mi.it\/#\/schema\/logo\/image\/"},"sameAs":["https:\/\/www.facebook.com\/progettoguardaMI\/","https:\/\/www.instagram.com\/guarda.mi_official\/"]}]}},"_links":{"self":[{"href":"https:\/\/guarda.mi.it\/index.php\/wp-json\/wp\/v2\/pages\/616","targetHints":{"allow":["GET"]}}],"collection":[{"href":"https:\/\/guarda.mi.it\/index.php\/wp-json\/wp\/v2\/pages"}],"about":[{"href":"https:\/\/guarda.mi.it\/index.php\/wp-json\/wp\/v2\/types\/page"}],"author":[{"embeddable":true,"href":"https:\/\/guarda.mi.it\/index.php\/wp-json\/wp\/v2\/users\/2"}],"replies":[{"embeddable":true,"href":"https:\/\/guarda.mi.it\/index.php\/wp-json\/wp\/v2\/comments?post=616"}],"version-history":[{"count":20,"href":"https:\/\/guarda.mi.it\/index.php\/wp-json\/wp\/v2\/pages\/616\/revisions"}],"predecessor-version":[{"id":2974,"href":"https:\/\/guarda.mi.it\/index.php\/wp-json\/wp\/v2\/pages\/616\/revisions\/2974"}],"wp:attachment":[{"href":"https:\/\/guarda.mi.it\/index.php\/wp-json\/wp\/v2\/media?parent=616"}],"curies":[{"name":"wp","href":"https:\/\/api.w.org\/{rel}","templated":true}]}}