{"id":160,"date":"2018-02-11T00:00:00","date_gmt":"2018-02-10T23:00:00","guid":{"rendered":"https:\/\/guarda.mi.it\/index.php\/passera-ditalia-passer-italiae\/"},"modified":"2024-07-03T15:16:40","modified_gmt":"2024-07-03T13:16:40","slug":"passera-ditalia-passer-italiae","status":"publish","type":"page","link":"https:\/\/guarda.mi.it\/index.php\/passera-ditalia-passer-italiae\/","title":{"rendered":"Passera d\u2019Italia (Passer  italiae)"},"content":{"rendered":"\n<figure class=\"wp-block-gallery has-nested-images columns-default is-cropped wp-block-gallery-1 is-layout-flex wp-block-gallery-is-layout-flex\">\n<figure class=\"wp-block-image size-full is-style-editorskit-rounded\"><img data-recalc-dims=\"1\" decoding=\"async\" width=\"640\" height=\"640\" data-id=\"1493\" src=\"https:\/\/i0.wp.com\/guarda.mi.it\/wp-content\/uploads\/2024\/06\/Passer_italiae_male-edited.jpg?resize=640%2C640&#038;ssl=1\" alt=\"\" class=\"wp-image-1493\" srcset=\"https:\/\/i0.wp.com\/guarda.mi.it\/wp-content\/uploads\/2024\/06\/Passer_italiae_male-edited.jpg?w=640&amp;ssl=1 640w, https:\/\/i0.wp.com\/guarda.mi.it\/wp-content\/uploads\/2024\/06\/Passer_italiae_male-edited.jpg?resize=300%2C300&amp;ssl=1 300w, https:\/\/i0.wp.com\/guarda.mi.it\/wp-content\/uploads\/2024\/06\/Passer_italiae_male-edited.jpg?resize=150%2C150&amp;ssl=1 150w\" sizes=\"(max-width: 640px) 100vw, 640px\" loading=\"lazy\" \/><\/figure>\n<\/figure>\n\n\n\n<p><strong><mark style=\"background-color:rgba(0, 0, 0, 0)\" class=\"has-inline-color has-foreground-color\">Maschio<\/mark><\/strong><\/p>\n\n\n\n<figure class=\"wp-block-image size-full is-style-editorskit-rounded\"><img data-recalc-dims=\"1\" decoding=\"async\" width=\"700\" height=\"467\" src=\"https:\/\/i0.wp.com\/guarda.mi.it\/wp-content\/uploads\/2024\/06\/5252_1.jpg?resize=700%2C467&#038;ssl=1\" alt=\"\" class=\"wp-image-1500\" srcset=\"https:\/\/i0.wp.com\/guarda.mi.it\/wp-content\/uploads\/2024\/06\/5252_1.jpg?w=700&amp;ssl=1 700w, https:\/\/i0.wp.com\/guarda.mi.it\/wp-content\/uploads\/2024\/06\/5252_1.jpg?resize=300%2C200&amp;ssl=1 300w\" sizes=\"(max-width: 700px) 100vw, 700px\" loading=\"lazy\" \/><\/figure>\n\n\n\n<p><strong>Femmina<\/strong><\/p>\n\n\n<h2><strong><span style=\"color: #000000;\">Passera d\u2019Italia (Passer italiae)<\/span><\/strong><\/h2>\n<p><span style=\"color: #000000;\"><strong style=\"font-size: revert;\">Caratteristiche<\/strong><\/span><\/p>\n<p><span style=\"color: #000000;\"><strong>Lunghezza<\/strong> (cm): \u00a0\u00a0\u00a0\u00a0\u00a0\u00a0\u00a0\u00a0\u00a0\u00a0\u00a0\u00a0\u00a0\u00a0\u00a0\u00a0 14-16<\/span><\/p>\n<p><span style=\"color: #000000;\"><strong>Apertura<\/strong> <strong>alare<\/strong> (cm): \u00a0\u00a0\u00a0\u00a0\u00a0\u00a0\u00a0\u00a0\u00a0 21-25<\/span><\/p>\n<p><span style=\"color: #000000;\"><strong>Peso<\/strong> (gr):\u00a0\u00a0\u00a0\u00a0\u00a0\u00a0\u00a0\u00a0\u00a0\u00a0\u00a0\u00a0\u00a0\u00a0\u00a0\u00a0\u00a0\u00a0\u00a0\u00a0\u00a0\u00a0\u00a0\u00a0\u00a0\u00a0\u00a0\u00a0\u00a0 24-38<\/span><\/p>\n<p><span style=\"color: #000000;\"><strong>Specie simili:<\/strong>\u00a0\u00a0\u00a0\u00a0\u00a0\u00a0\u00a0\u00a0\u00a0\u00a0\u00a0\u00a0\u00a0\u00a0\u00a0\u00a0\u00a0\u00a0\u00a0\u00a0\u00a0\u00a0\u00a0\u00a0 Passera mattugia<\/span><\/p>\n<p><span style=\"color: #000000;\"><strong>Silhouette<\/strong>: \u00a0 \u00a0 \u00a0 \u00a0 \u00a0 \u00a0 \u00a0 \u00a0 \u00a0 \u00a0 \u00a0 \u00a0 \u00a0 \u00a0 passero\/granivoro<\/span><\/p>\n<p><span style=\"color: #000000;\"><strong>Taglia\u00a0<\/strong>\u00a0 \u00a0 \u00a0 \u00a0 \u00a0 \u00a0 \u00a0 \u00a0 \u00a0 \u00a0 \u00a0 \u00a0 \u00a0 \u00a0 \u00a0 \u00a0 \u00a0 \u00a0 \u00a0passero<\/span><\/p>\n<p><span style=\"color: #000000;\"><strong>Habitat<\/strong>: zone agricole, aree urbane,<\/span><\/p>\n<p><span style=\"color: #000000;\"><strong>Alimentazione<\/strong>: semi, insetti, rifiuti urbani<\/span><\/p>\n<p><span style=\"color: #000000;\"><strong>Comportamento migratorio<\/strong>: sedentaria<\/span><\/p>\n<p><span style=\"color: #000000;\">A Milano: in passato comune in tutte le zone della citt\u00e0, ovunque fosse la presenza dell\u2019attivit\u00e0 umana, oggi \u00e8 specie in forte regresso sia a livello cittadino che a livello globale; pi\u00f9 facile trovarla in centro che in periferia.<\/span><\/p>\n<p><span style=\"color: #000000;\"><strong>Attualmente risulta<\/strong>: nidificante in edifici e cavit\u00e0<\/span><\/p>\n<div class=\"wp-playlist wp-audio-playlist wp-playlist-light\">\n\t\t\t<div class=\"wp-playlist-current-item\"><\/div>\n\t\t<audio controls=\"controls\" preload=\"none\" width=\"640\"\n\t\t\t><\/audio>\n\t<div class=\"wp-playlist-next\"><\/div>\n\t<div class=\"wp-playlist-prev\"><\/div>\n\t<noscript>\n\t<ol>\n\t\t<li><a href='https:\/\/guarda.mi.it\/wp-content\/uploads\/2024\/07\/Passera-dItalia-Passer-italiae.Filippo-Ceccolini.mp3'>Italian Sparrow (Passer italiae)<\/a><\/li>\t<\/ol>\n\t<\/noscript>\n\t<script data-jetpack-boost=\"ignore\" type=\"application\/json\" class=\"wp-playlist-script\">{\"type\":\"audio\",\"tracklist\":true,\"tracknumbers\":true,\"images\":true,\"artists\":true,\"tracks\":[{\"src\":\"https:\/\/guarda.mi.it\/wp-content\/uploads\/2024\/07\/Passera-dItalia-Passer-italiae.Filippo-Ceccolini.mp3\",\"type\":\"audio\/mpeg\",\"title\":\"Italian Sparrow (Passer italiae)\",\"caption\":\"\",\"description\":\"\\\"Italian Sparrow (Passer italiae)\\\" dall'album xeno-canto di Filippo Ceccolini. Genere: Passeridae.\",\"meta\":{\"artist\":\"Filippo Ceccolini\",\"album\":\"xeno-canto\",\"genre\":\"Passeridae\",\"length_formatted\":\"0:06\"},\"image\":{\"src\":\"https:\/\/guarda.mi.it\/wp-includes\/images\/media\/audio.svg\",\"width\":48,\"height\":64},\"thumb\":{\"src\":\"https:\/\/guarda.mi.it\/wp-includes\/images\/media\/audio.svg\",\"width\":48,\"height\":64}}]}<\/script>\n<\/div>\n\t\n<p>\u00a0<\/p>\n\n\n<p class=\"has-text-align-center\"><mark style=\"background-color:rgba(0, 0, 0, 0)\" class=\"has-inline-color has-background-color\">&#8230;&#8230;&#8230;&#8230;<\/mark><\/p>\n<div class=\"pvc_clear\"><\/div><p id=\"pvc_stats_160\" class=\"pvc_stats all  \" data-element-id=\"160\" style=\"\"><i class=\"pvc-stats-icon medium\" aria-hidden=\"true\"><svg aria-hidden=\"true\" focusable=\"false\" data-prefix=\"far\" data-icon=\"chart-bar\" role=\"img\" xmlns=\"http:\/\/www.w3.org\/2000\/svg\" viewBox=\"0 0 512 512\" class=\"svg-inline--fa fa-chart-bar fa-w-16 fa-2x\"><path fill=\"currentColor\" d=\"M396.8 352h22.4c6.4 0 12.8-6.4 12.8-12.8V108.8c0-6.4-6.4-12.8-12.8-12.8h-22.4c-6.4 0-12.8 6.4-12.8 12.8v230.4c0 6.4 6.4 12.8 12.8 12.8zm-192 0h22.4c6.4 0 12.8-6.4 12.8-12.8V140.8c0-6.4-6.4-12.8-12.8-12.8h-22.4c-6.4 0-12.8 6.4-12.8 12.8v198.4c0 6.4 6.4 12.8 12.8 12.8zm96 0h22.4c6.4 0 12.8-6.4 12.8-12.8V204.8c0-6.4-6.4-12.8-12.8-12.8h-22.4c-6.4 0-12.8 6.4-12.8 12.8v134.4c0 6.4 6.4 12.8 12.8 12.8zM496 400H48V80c0-8.84-7.16-16-16-16H16C7.16 64 0 71.16 0 80v336c0 17.67 14.33 32 32 32h464c8.84 0 16-7.16 16-16v-16c0-8.84-7.16-16-16-16zm-387.2-48h22.4c6.4 0 12.8-6.4 12.8-12.8v-70.4c0-6.4-6.4-12.8-12.8-12.8h-22.4c-6.4 0-12.8 6.4-12.8 12.8v70.4c0 6.4 6.4 12.8 12.8 12.8z\" class=\"\"><\/path><\/svg><\/i> <img data-recalc-dims=\"1\" decoding=\"async\" width=\"16\" height=\"16\" alt=\"Loading\" src=\"https:\/\/i0.wp.com\/guarda.mi.it\/wp-content\/plugins\/page-views-count\/ajax-loader-2x.gif?resize=16%2C16&#038;ssl=1\" border=0 loading=\"lazy\" \/><\/p><div class=\"pvc_clear\"><\/div>","protected":false},"excerpt":{"rendered":"<p>Maschio Femmina Passera d\u2019Italia (Passer italiae) Caratteristiche Lunghezza (cm): \u00a0\u00a0\u00a0\u00a0\u00a0\u00a0\u00a0\u00a0\u00a0\u00a0\u00a0\u00a0\u00a0\u00a0\u00a0\u00a0 14-16 Apertura alare (cm): \u00a0\u00a0\u00a0\u00a0\u00a0\u00a0\u00a0\u00a0\u00a0 21-25 Peso (gr):\u00a0\u00a0\u00a0\u00a0\u00a0\u00a0\u00a0\u00a0\u00a0\u00a0\u00a0\u00a0\u00a0\u00a0\u00a0\u00a0\u00a0\u00a0\u00a0\u00a0\u00a0\u00a0\u00a0\u00a0\u00a0\u00a0\u00a0\u00a0\u00a0 24-38 Specie simili:\u00a0\u00a0\u00a0\u00a0\u00a0\u00a0\u00a0\u00a0\u00a0\u00a0\u00a0\u00a0\u00a0\u00a0\u00a0\u00a0\u00a0\u00a0\u00a0\u00a0\u00a0\u00a0\u00a0\u00a0 Passera mattugia Silhouette: \u00a0 \u00a0 \u00a0 \u00a0 \u00a0 \u00a0 \u00a0 \u00a0 \u00a0 \u00a0 \u00a0 \u00a0 \u00a0 \u00a0 passero\/granivoro Taglia\u00a0\u00a0 \u00a0 \u00a0 \u00a0 \u00a0 \u00a0 \u00a0 \u00a0 \u00a0 \u00a0 \u00a0 \u00a0 \u00a0 \u00a0 \u00a0 \u00a0 [&hellip;]<\/p>\n<div class=\"pvc_clear\"><\/div>\n<p id=\"pvc_stats_160\" class=\"pvc_stats all  \" data-element-id=\"160\" style=\"\"><i class=\"pvc-stats-icon medium\" aria-hidden=\"true\"><svg aria-hidden=\"true\" focusable=\"false\" data-prefix=\"far\" data-icon=\"chart-bar\" role=\"img\" xmlns=\"http:\/\/www.w3.org\/2000\/svg\" viewBox=\"0 0 512 512\" class=\"svg-inline--fa fa-chart-bar fa-w-16 fa-2x\"><path fill=\"currentColor\" d=\"M396.8 352h22.4c6.4 0 12.8-6.4 12.8-12.8V108.8c0-6.4-6.4-12.8-12.8-12.8h-22.4c-6.4 0-12.8 6.4-12.8 12.8v230.4c0 6.4 6.4 12.8 12.8 12.8zm-192 0h22.4c6.4 0 12.8-6.4 12.8-12.8V140.8c0-6.4-6.4-12.8-12.8-12.8h-22.4c-6.4 0-12.8 6.4-12.8 12.8v198.4c0 6.4 6.4 12.8 12.8 12.8zm96 0h22.4c6.4 0 12.8-6.4 12.8-12.8V204.8c0-6.4-6.4-12.8-12.8-12.8h-22.4c-6.4 0-12.8 6.4-12.8 12.8v134.4c0 6.4 6.4 12.8 12.8 12.8zM496 400H48V80c0-8.84-7.16-16-16-16H16C7.16 64 0 71.16 0 80v336c0 17.67 14.33 32 32 32h464c8.84 0 16-7.16 16-16v-16c0-8.84-7.16-16-16-16zm-387.2-48h22.4c6.4 0 12.8-6.4 12.8-12.8v-70.4c0-6.4-6.4-12.8-12.8-12.8h-22.4c-6.4 0-12.8 6.4-12.8 12.8v70.4c0 6.4 6.4 12.8 12.8 12.8z\" class=\"\"><\/path><\/svg><\/i> <img decoding=\"async\" width=\"16\" height=\"16\" alt=\"Loading\" src=\"https:\/\/guarda.mi.it\/wp-content\/plugins\/page-views-count\/ajax-loader-2x.gif\" border=0 loading=\"lazy\" \/><\/p>\n<div class=\"pvc_clear\"><\/div>\n","protected":false},"author":1,"featured_media":0,"parent":0,"menu_order":0,"comment_status":"closed","ping_status":"open","template":"","meta":{"_editorskit_title_hidden":false,"_editorskit_reading_time":0,"_editorskit_is_block_options_detached":false,"_editorskit_block_options_position":"{}","_monsterinsights_skip_tracking":false,"_monsterinsights_sitenote_active":false,"_monsterinsights_sitenote_note":"","_monsterinsights_sitenote_category":0,"footnotes":""},"class_list":["post-160","page","type-page","status-publish","hentry"],"aioseo_notices":[],"yoast_head":"<!-- This site is optimized with the Yoast SEO plugin v27.4 - https:\/\/yoast.com\/product\/yoast-seo-wordpress\/ -->\n<title>Passera d\u2019Italia (Passer italiae) - La Citizen Science a Milano<\/title>\n<meta name=\"description\" content=\"GuardaMI progetto di Citizen Science partecipata aperta a cittadini e studenti per il monitoraggio studio e tutela della biodiversit\u00e0 animale di Milano\" \/>\n<meta name=\"robots\" content=\"index, follow, max-snippet:-1, max-image-preview:large, max-video-preview:-1\" \/>\n<link rel=\"canonical\" href=\"https:\/\/guarda.mi.it\/index.php\/passera-ditalia-passer-italiae\/\" \/>\n<meta property=\"og:locale\" content=\"it_IT\" \/>\n<meta property=\"og:type\" content=\"article\" \/>\n<meta property=\"og:title\" content=\"Passera d\u2019Italia (Passer italiae) - La Citizen Science a Milano\" \/>\n<meta property=\"og:description\" content=\"GuardaMI progetto di Citizen Science partecipata aperta a cittadini e studenti per il monitoraggio studio e tutela della biodiversit\u00e0 animale di Milano\" \/>\n<meta property=\"og:url\" content=\"https:\/\/guarda.mi.it\/index.php\/passera-ditalia-passer-italiae\/\" \/>\n<meta property=\"og:site_name\" content=\"La Citizen Science a Milano\" \/>\n<meta property=\"article:publisher\" content=\"https:\/\/www.facebook.com\/progettoguardaMI\/\" \/>\n<meta property=\"article:modified_time\" content=\"2024-07-03T13:16:40+00:00\" \/>\n<meta property=\"og:image\" content=\"https:\/\/guarda.mi.it\/wp-content\/uploads\/2024\/06\/Passer_italiae_male-edited.jpg\" \/>\n<meta name=\"twitter:card\" content=\"summary_large_image\" \/>\n<meta name=\"twitter:label1\" content=\"Tempo di lettura stimato\" \/>\n\t<meta name=\"twitter:data1\" content=\"1 minuto\" \/>\n<script type=\"application\/ld+json\" class=\"yoast-schema-graph\">{\"@context\":\"https:\\\/\\\/schema.org\",\"@graph\":[{\"@type\":\"WebPage\",\"@id\":\"https:\\\/\\\/guarda.mi.it\\\/index.php\\\/passera-ditalia-passer-italiae\\\/\",\"url\":\"https:\\\/\\\/guarda.mi.it\\\/index.php\\\/passera-ditalia-passer-italiae\\\/\",\"name\":\"Passera d\u2019Italia (Passer italiae) - La Citizen Science a Milano\",\"isPartOf\":{\"@id\":\"https:\\\/\\\/guarda.mi.it\\\/#website\"},\"primaryImageOfPage\":{\"@id\":\"https:\\\/\\\/guarda.mi.it\\\/index.php\\\/passera-ditalia-passer-italiae\\\/#primaryimage\"},\"image\":{\"@id\":\"https:\\\/\\\/guarda.mi.it\\\/index.php\\\/passera-ditalia-passer-italiae\\\/#primaryimage\"},\"thumbnailUrl\":\"https:\\\/\\\/guarda.mi.it\\\/wp-content\\\/uploads\\\/2024\\\/06\\\/Passer_italiae_male-edited.jpg\",\"datePublished\":\"2018-02-10T23:00:00+00:00\",\"dateModified\":\"2024-07-03T13:16:40+00:00\",\"description\":\"GuardaMI progetto di Citizen Science partecipata aperta a cittadini e studenti per il monitoraggio studio e tutela della biodiversit\u00e0 animale di Milano\",\"breadcrumb\":{\"@id\":\"https:\\\/\\\/guarda.mi.it\\\/index.php\\\/passera-ditalia-passer-italiae\\\/#breadcrumb\"},\"inLanguage\":\"it-IT\",\"potentialAction\":[{\"@type\":\"ReadAction\",\"target\":[\"https:\\\/\\\/guarda.mi.it\\\/index.php\\\/passera-ditalia-passer-italiae\\\/\"]}]},{\"@type\":\"ImageObject\",\"inLanguage\":\"it-IT\",\"@id\":\"https:\\\/\\\/guarda.mi.it\\\/index.php\\\/passera-ditalia-passer-italiae\\\/#primaryimage\",\"url\":\"https:\\\/\\\/i0.wp.com\\\/guarda.mi.it\\\/wp-content\\\/uploads\\\/2024\\\/06\\\/Passer_italiae_male-edited.jpg?fit=640%2C640&ssl=1\",\"contentUrl\":\"https:\\\/\\\/i0.wp.com\\\/guarda.mi.it\\\/wp-content\\\/uploads\\\/2024\\\/06\\\/Passer_italiae_male-edited.jpg?fit=640%2C640&ssl=1\",\"width\":640,\"height\":640},{\"@type\":\"BreadcrumbList\",\"@id\":\"https:\\\/\\\/guarda.mi.it\\\/index.php\\\/passera-ditalia-passer-italiae\\\/#breadcrumb\",\"itemListElement\":[{\"@type\":\"ListItem\",\"position\":1,\"name\":\"Home\",\"item\":\"https:\\\/\\\/guarda.mi.it\\\/\"},{\"@type\":\"ListItem\",\"position\":2,\"name\":\"Passera d\u2019Italia (Passer italiae)\"}]},{\"@type\":\"WebSite\",\"@id\":\"https:\\\/\\\/guarda.mi.it\\\/#website\",\"url\":\"https:\\\/\\\/guarda.mi.it\\\/\",\"name\":\"La Citizen Science a Milano\",\"description\":\"Studio della biodiversit\u00e0 urbana\",\"publisher\":{\"@id\":\"https:\\\/\\\/guarda.mi.it\\\/#organization\"},\"alternateName\":\"Progetto GuardaMI\",\"potentialAction\":[{\"@type\":\"SearchAction\",\"target\":{\"@type\":\"EntryPoint\",\"urlTemplate\":\"https:\\\/\\\/guarda.mi.it\\\/?s={search_term_string}\"},\"query-input\":{\"@type\":\"PropertyValueSpecification\",\"valueRequired\":true,\"valueName\":\"search_term_string\"}}],\"inLanguage\":\"it-IT\"},{\"@type\":\"Organization\",\"@id\":\"https:\\\/\\\/guarda.mi.it\\\/#organization\",\"name\":\"Associzione GuardaMI\",\"url\":\"https:\\\/\\\/guarda.mi.it\\\/\",\"logo\":{\"@type\":\"ImageObject\",\"inLanguage\":\"it-IT\",\"@id\":\"https:\\\/\\\/guarda.mi.it\\\/#\\\/schema\\\/logo\\\/image\\\/\",\"url\":\"https:\\\/\\\/i0.wp.com\\\/guarda.mi.it\\\/wp-content\\\/uploads\\\/2024\\\/07\\\/IMG_7080_11zon.jpg-copia.jpg.webp?fit=298%2C300&ssl=1\",\"contentUrl\":\"https:\\\/\\\/i0.wp.com\\\/guarda.mi.it\\\/wp-content\\\/uploads\\\/2024\\\/07\\\/IMG_7080_11zon.jpg-copia.jpg.webp?fit=298%2C300&ssl=1\",\"width\":298,\"height\":300,\"caption\":\"Associzione GuardaMI\"},\"image\":{\"@id\":\"https:\\\/\\\/guarda.mi.it\\\/#\\\/schema\\\/logo\\\/image\\\/\"},\"sameAs\":[\"https:\\\/\\\/www.facebook.com\\\/progettoguardaMI\\\/\",\"https:\\\/\\\/www.instagram.com\\\/guarda.mi_official\\\/\"]}]}<\/script>\n<!-- \/ Yoast SEO plugin. -->","yoast_head_json":{"title":"Passera d\u2019Italia (Passer italiae) - La Citizen Science a Milano","description":"GuardaMI progetto di Citizen Science partecipata aperta a cittadini e studenti per il monitoraggio studio e tutela della biodiversit\u00e0 animale di Milano","robots":{"index":"index","follow":"follow","max-snippet":"max-snippet:-1","max-image-preview":"max-image-preview:large","max-video-preview":"max-video-preview:-1"},"canonical":"https:\/\/guarda.mi.it\/index.php\/passera-ditalia-passer-italiae\/","og_locale":"it_IT","og_type":"article","og_title":"Passera d\u2019Italia (Passer italiae) - La Citizen Science a Milano","og_description":"GuardaMI progetto di Citizen Science partecipata aperta a cittadini e studenti per il monitoraggio studio e tutela della biodiversit\u00e0 animale di Milano","og_url":"https:\/\/guarda.mi.it\/index.php\/passera-ditalia-passer-italiae\/","og_site_name":"La Citizen Science a Milano","article_publisher":"https:\/\/www.facebook.com\/progettoguardaMI\/","article_modified_time":"2024-07-03T13:16:40+00:00","og_image":[{"url":"https:\/\/guarda.mi.it\/wp-content\/uploads\/2024\/06\/Passer_italiae_male-edited.jpg","type":"","width":"","height":""}],"twitter_card":"summary_large_image","twitter_misc":{"Tempo di lettura stimato":"1 minuto"},"schema":{"@context":"https:\/\/schema.org","@graph":[{"@type":"WebPage","@id":"https:\/\/guarda.mi.it\/index.php\/passera-ditalia-passer-italiae\/","url":"https:\/\/guarda.mi.it\/index.php\/passera-ditalia-passer-italiae\/","name":"Passera d\u2019Italia (Passer italiae) - La Citizen Science a Milano","isPartOf":{"@id":"https:\/\/guarda.mi.it\/#website"},"primaryImageOfPage":{"@id":"https:\/\/guarda.mi.it\/index.php\/passera-ditalia-passer-italiae\/#primaryimage"},"image":{"@id":"https:\/\/guarda.mi.it\/index.php\/passera-ditalia-passer-italiae\/#primaryimage"},"thumbnailUrl":"https:\/\/guarda.mi.it\/wp-content\/uploads\/2024\/06\/Passer_italiae_male-edited.jpg","datePublished":"2018-02-10T23:00:00+00:00","dateModified":"2024-07-03T13:16:40+00:00","description":"GuardaMI progetto di Citizen Science partecipata aperta a cittadini e studenti per il monitoraggio studio e tutela della biodiversit\u00e0 animale di Milano","breadcrumb":{"@id":"https:\/\/guarda.mi.it\/index.php\/passera-ditalia-passer-italiae\/#breadcrumb"},"inLanguage":"it-IT","potentialAction":[{"@type":"ReadAction","target":["https:\/\/guarda.mi.it\/index.php\/passera-ditalia-passer-italiae\/"]}]},{"@type":"ImageObject","inLanguage":"it-IT","@id":"https:\/\/guarda.mi.it\/index.php\/passera-ditalia-passer-italiae\/#primaryimage","url":"https:\/\/i0.wp.com\/guarda.mi.it\/wp-content\/uploads\/2024\/06\/Passer_italiae_male-edited.jpg?fit=640%2C640&ssl=1","contentUrl":"https:\/\/i0.wp.com\/guarda.mi.it\/wp-content\/uploads\/2024\/06\/Passer_italiae_male-edited.jpg?fit=640%2C640&ssl=1","width":640,"height":640},{"@type":"BreadcrumbList","@id":"https:\/\/guarda.mi.it\/index.php\/passera-ditalia-passer-italiae\/#breadcrumb","itemListElement":[{"@type":"ListItem","position":1,"name":"Home","item":"https:\/\/guarda.mi.it\/"},{"@type":"ListItem","position":2,"name":"Passera d\u2019Italia (Passer italiae)"}]},{"@type":"WebSite","@id":"https:\/\/guarda.mi.it\/#website","url":"https:\/\/guarda.mi.it\/","name":"La Citizen Science a Milano","description":"Studio della biodiversit\u00e0 urbana","publisher":{"@id":"https:\/\/guarda.mi.it\/#organization"},"alternateName":"Progetto GuardaMI","potentialAction":[{"@type":"SearchAction","target":{"@type":"EntryPoint","urlTemplate":"https:\/\/guarda.mi.it\/?s={search_term_string}"},"query-input":{"@type":"PropertyValueSpecification","valueRequired":true,"valueName":"search_term_string"}}],"inLanguage":"it-IT"},{"@type":"Organization","@id":"https:\/\/guarda.mi.it\/#organization","name":"Associzione GuardaMI","url":"https:\/\/guarda.mi.it\/","logo":{"@type":"ImageObject","inLanguage":"it-IT","@id":"https:\/\/guarda.mi.it\/#\/schema\/logo\/image\/","url":"https:\/\/i0.wp.com\/guarda.mi.it\/wp-content\/uploads\/2024\/07\/IMG_7080_11zon.jpg-copia.jpg.webp?fit=298%2C300&ssl=1","contentUrl":"https:\/\/i0.wp.com\/guarda.mi.it\/wp-content\/uploads\/2024\/07\/IMG_7080_11zon.jpg-copia.jpg.webp?fit=298%2C300&ssl=1","width":298,"height":300,"caption":"Associzione GuardaMI"},"image":{"@id":"https:\/\/guarda.mi.it\/#\/schema\/logo\/image\/"},"sameAs":["https:\/\/www.facebook.com\/progettoguardaMI\/","https:\/\/www.instagram.com\/guarda.mi_official\/"]}]}},"_links":{"self":[{"href":"https:\/\/guarda.mi.it\/index.php\/wp-json\/wp\/v2\/pages\/160","targetHints":{"allow":["GET"]}}],"collection":[{"href":"https:\/\/guarda.mi.it\/index.php\/wp-json\/wp\/v2\/pages"}],"about":[{"href":"https:\/\/guarda.mi.it\/index.php\/wp-json\/wp\/v2\/types\/page"}],"author":[{"embeddable":true,"href":"https:\/\/guarda.mi.it\/index.php\/wp-json\/wp\/v2\/users\/1"}],"replies":[{"embeddable":true,"href":"https:\/\/guarda.mi.it\/index.php\/wp-json\/wp\/v2\/comments?post=160"}],"version-history":[{"count":11,"href":"https:\/\/guarda.mi.it\/index.php\/wp-json\/wp\/v2\/pages\/160\/revisions"}],"predecessor-version":[{"id":2046,"href":"https:\/\/guarda.mi.it\/index.php\/wp-json\/wp\/v2\/pages\/160\/revisions\/2046"}],"wp:attachment":[{"href":"https:\/\/guarda.mi.it\/index.php\/wp-json\/wp\/v2\/media?parent=160"}],"curies":[{"name":"wp","href":"https:\/\/api.w.org\/{rel}","templated":true}]}}